{"id":20,"date":"2018-03-02T15:44:35","date_gmt":"2018-03-02T14:44:35","guid":{"rendered":"http:\/\/oxy-t.fr\/?page_id=20"},"modified":"2025-03-21T13:44:19","modified_gmt":"2025-03-21T12:44:19","slug":"la-consultante-claudine-ravise","status":"publish","type":"page","link":"https:\/\/oxy-t.fr\/?page_id=20","title":{"rendered":"Qui suis-je ?"},"content":{"rendered":"<div class=\"wp-block-image\">\n<figure class=\"aligncenter size-large is-resized\"><img loading=\"lazy\" decoding=\"async\" src=\"http:\/\/oxy-t.fr\/wp-content\/uploads\/2023\/05\/DSCF8972-683x1024.jpg\" alt=\"\" class=\"wp-image-154\" width=\"278\" height=\"417\" srcset=\"https:\/\/oxy-t.fr\/wp-content\/uploads\/2023\/05\/DSCF8972-683x1024.jpg 683w, https:\/\/oxy-t.fr\/wp-content\/uploads\/2023\/05\/DSCF8972-200x300.jpg 200w, https:\/\/oxy-t.fr\/wp-content\/uploads\/2023\/05\/DSCF8972-768x1152.jpg 768w, https:\/\/oxy-t.fr\/wp-content\/uploads\/2023\/05\/DSCF8972-1024x1536.jpg 1024w, https:\/\/oxy-t.fr\/wp-content\/uploads\/2023\/05\/DSCF8972-1365x2048.jpg 1365w, https:\/\/oxy-t.fr\/wp-content\/uploads\/2023\/05\/DSCF8972-scaled.jpg 1707w\" sizes=\"(max-width: 278px) 100vw, 278px\" \/><\/figure><\/div>\n\n<h1>\u00a0<\/h1>\n<h1 style=\"text-align: center;\"><span style=\"color: #000000; font-family: Calibri;\">C<\/span><span style=\"color: #000000; font-family: Calibri;\">laudine CHARPENTIER<\/span><\/h1>\n<h1 style=\"text-align: center;\"><span style=\"color: #000000; font-family: Calibri;\">Sant\u00e9 et Qualit\u00e9 de vie au travail\u00a0<\/span><\/h1>\n<h1>\u00a0<\/h1>\n<h1><span style=\"font-family: Calibri;\"><span style=\"color: #b00000;\"><u>Mon parcours <\/u><\/span><\/span><\/h1>\n<h2><span style=\"color: #000000;\"><span style=\"font-family: Calibri;\">&#8211;<\/span><span style=\"font: 7pt 'Times New Roman'; margin: 0px; font-size-adjust: none; font-stretch: normal;\">\u00a0\u00a0\u00a0\u00a0\u00a0\u00a0\u00a0\u00a0 <\/span><u><span style=\"font-family: Calibri;\">de travail<\/span><\/u><\/span><\/h2>\n<p><span style=\"color: #000000; font-family: Calibri;\">L\u2019accompagnement des \u00e9quipes fait partie de ma vie professionnelle depuis toujours\u00a0: l\u2019assistante est la premi\u00e8re confidente des \u00e9quipes, surtout si elle fait partie du CHSCT\u00a0!<\/span><\/p>\n<p><span style=\"color: #000000; font-family: Calibri;\">Assistante de direction pendant plusieurs ann\u00e9es, la n\u00e9cessit\u00e9 d\u2019accompagner v\u00e9ritablement et professionnellement les collaborateurs, les managers, les entreprises, avec le recul n\u00e9cessaire, m\u2019est apparue. <\/span><\/p>\n<p><span style=\"color: #000000; font-family: Calibri;\">La mise en place d\u2019un tel projet m\u2019a amen\u00e9 \u00e0 r\u00e9aliser des formations pointues dans ce domaine.<\/span><\/p>\n<p><span style=\"color: #000000; font-family: Calibri;\">La connaissance r\u00e9elle du monde du travail, du monde de l\u2019entreprise et de ses rouages, est un atout indispensable dans le conseil et l\u2019accompagnement.<\/span><\/p>\n<h2><span style=\"color: #000000;\"><span style=\"font-family: Calibri;\">&#8211;<\/span><span style=\"font: 7pt 'Times New Roman'; margin: 0px; font-size-adjust: none; font-stretch: normal;\">\u00a0\u00a0\u00a0\u00a0\u00a0\u00a0\u00a0\u00a0 <\/span><u><span style=\"font-family: Calibri;\">de formation <\/span><\/u><\/span><\/h2>\n<p><span style=\"color: #000000; font-family: Calibri;\">Ma formation initiale est la psychologie, clinique dans un premier temps.<\/span><\/p>\n<p><span style=\"color: #000000; font-family: Calibri;\">Apr\u00e8s l\u2019obtention d\u2019une licence en psychologie, \u00e0 l&rsquo;Universit\u00e9 de Tours (37), j\u2019entreprends, une formation de sophrologue \u00e0 l&rsquo;Ecole de Somatoth\u00e9rapies et de Sophrologie Appliqu\u00e9es de Tours (37), qui me conduit \u00e0 faire une ma\u00eetrise de Psychologie Clinique.<\/span><\/p>\n<p><span style=\"color: #000000; font-family: Calibri;\">Mais le monde du travail est un terrain que je ma\u00eetrise au fur et \u00e0 mesure des ann\u00e9es, et m\u2019attire compte-tenu des champs d\u2019action tr\u00e8s importants\u00a0!<\/span><\/p>\n<p><span style=\"color: #000000; font-family: Calibri;\">Je m\u2019inscris alors \u00e0 la Facult\u00e9 de M\u00e9decine d\u2019Angers (49) o\u00f9 j&rsquo;obtiens un Dipl\u00f4me Universitaire de 3<sup>\u00e8me<\/sup> cycle d\u2019Ergonomie et de Sant\u00e9 au Travail.<\/span><\/p>\n<p><span style=\"color: #000000; font-family: Calibri;\">Pour parfaire mes connaissances et le champ possible des interventions, je termine mon parcours par un Master 2 en management des \u00e9quipes, sant\u00e9 &amp; qualit\u00e9 de vie au travail, \u00e0 l&rsquo;IAE de Tours (37).<\/span><\/p>\n<p><span style=\"color: #000000;\"><span style=\"font-family: Calibri;\">&#8211;<\/span><span style=\"font: 7pt 'Times New Roman'; margin: 0px; font-size-adjust: none; font-stretch: normal;\">\u00a0\u00a0\u00a0\u00a0\u00a0\u00a0\u00a0\u00a0 <\/span><span style=\"font-family: Calibri;\">Psychologie,<\/span><\/span><\/p>\n<p><span style=\"color: #000000;\"><span style=\"font-family: Calibri;\">&#8211;<\/span><span style=\"font: 7pt 'Times New Roman'; margin: 0px; font-size-adjust: none; font-stretch: normal;\">\u00a0\u00a0\u00a0\u00a0\u00a0\u00a0\u00a0\u00a0 <\/span><span style=\"font-family: Calibri;\">Ergonomie,<\/span><\/span><\/p>\n<p><span style=\"color: #000000;\"><span style=\"font-family: Calibri;\">&#8211;<\/span><span style=\"font: 7pt 'Times New Roman'; margin: 0px; font-size-adjust: none; font-stretch: normal;\">\u00a0\u00a0\u00a0\u00a0\u00a0\u00a0\u00a0\u00a0 <\/span><span style=\"font-family: Calibri;\">Management, <\/span><\/span><\/p>\n<p><span style=\"color: #000000;\"><span style=\"font-family: Calibri;\">&#8211;<\/span><span style=\"font: 7pt 'Times New Roman'; margin: 0px; font-size-adjust: none; font-stretch: normal;\">\u00a0\u00a0\u00a0\u00a0\u00a0\u00a0\u00a0\u00a0 <\/span><span style=\"font-family: Calibri;\">Sant\u00e9 au travail<\/span><\/span><\/p>\n<p><span style=\"color: #000000;\"><span style=\"font-family: Calibri;\">&#8211;<\/span><span style=\"font: 7pt 'Times New Roman'; margin: 0px; font-size-adjust: none; font-stretch: normal;\">\u00a0\u00a0\u00a0\u00a0\u00a0\u00a0\u00a0\u00a0 <\/span><span style=\"font-family: Calibri;\">Qualit\u00e9 de vie au travail<\/span><\/span><\/p>\n<p><span style=\"color: #000000; font-family: Calibri;\">sont les ma\u00eetres-mots de mon parcours de formation.<\/span><\/p>\n<p><span style=\"color: #000000;\"><span style=\"font-family: Calibri;\">&#8211;<\/span><span style=\"font: 7pt 'Times New Roman'; margin: 0px; font-size-adjust: none; font-stretch: normal;\">\u00a0\u00a0\u00a0\u00a0\u00a0\u00a0\u00a0\u00a0 <\/span><span style=\"font-family: Calibri;\">Compr\u00e9hension, <\/span><\/span><\/p>\n<p><span style=\"color: #000000;\"><span style=\"font-family: Calibri;\">&#8211;<\/span><span style=\"font: 7pt 'Times New Roman'; margin: 0px; font-size-adjust: none; font-stretch: normal;\">\u00a0\u00a0\u00a0\u00a0\u00a0\u00a0\u00a0\u00a0 <\/span><span style=\"font-family: Calibri;\">\u00c9coute, <\/span><\/span><\/p>\n<p><span style=\"color: #000000;\"><span style=\"font-family: Calibri;\">&#8211;<\/span><span style=\"font: 7pt 'Times New Roman'; margin: 0px; font-size-adjust: none; font-stretch: normal;\">\u00a0\u00a0\u00a0\u00a0\u00a0\u00a0\u00a0\u00a0 <\/span><span style=\"font-family: Calibri;\">Dialogue, <\/span><\/span><\/p>\n<p><span style=\"color: #000000;\"><span style=\"font-family: Calibri;\">&#8211;<\/span><span style=\"font: 7pt 'Times New Roman'; margin: 0px; font-size-adjust: none; font-stretch: normal;\">\u00a0\u00a0\u00a0\u00a0\u00a0\u00a0\u00a0\u00a0 <\/span><span style=\"font-family: Calibri;\">Soutien<\/span><\/span><\/p>\n<p><span style=\"color: #000000;\"><span style=\"font-family: Calibri;\">&#8211;<\/span><span style=\"font: 7pt 'Times New Roman'; margin: 0px; font-size-adjust: none; font-stretch: normal;\">\u00a0\u00a0\u00a0\u00a0\u00a0\u00a0\u00a0\u00a0 <\/span><span style=\"font-family: Calibri;\">mobilisation<\/span><\/span><\/p>\n<p><span style=\"color: #000000;\"><span style=\"font-family: Calibri;\">&#8211;<\/span><span style=\"font: 7pt 'Times New Roman'; margin: 0px; font-size-adjust: none; font-stretch: normal;\">\u00a0\u00a0\u00a0\u00a0\u00a0\u00a0\u00a0\u00a0 <\/span><span style=\"font-family: Calibri;\">Ethique<\/span><\/span><\/p>\n<p><span style=\"color: #000000; font-family: Calibri;\">\u00a0<\/span><\/p>\n<p><span style=\"color: #000000; font-family: Calibri;\">sont ceux de mon parcours de travail \u2026<\/span><span style=\"color: #000000; font-family: Calibri;\">\u00a0<\/span><\/p>\n<p align=\"right\"><span style=\"color: #000000;\"><span style=\"font-family: Calibri;\">\u2026 et ils sont tous li\u00e9s\u00a0<\/span><span style=\"margin: 0px; line-height: 115%; font-family: 'Segoe UI Emoji',sans-serif; font-size: 14pt;\">\ud83d\ude0a<\/span><\/span><\/p>\n<p><span style=\"color: #000000; font-family: Calibri;\">Respect de la confidentialit\u00e9 et des r\u00e8gles d\u00e9ontologiques de prestation intellectuelle et de conseil.<\/span><\/p>\n\n\n<figure class=\"wp-block-image size-large\"><img loading=\"lazy\" decoding=\"async\" width=\"725\" height=\"1024\" src=\"http:\/\/oxy-t.fr\/wp-content\/uploads\/2023\/01\/2022_Sophrologue-1-pdf-725x1024.jpg\" alt=\"\" class=\"wp-image-138\"\/><\/figure>\n\n\n\n<figure class=\"wp-block-gallery has-nested-images columns-default is-cropped wp-block-gallery-1 is-layout-flex wp-block-gallery-is-layout-flex\">\n<figure class=\"wp-block-image size-large\"><img loading=\"lazy\" decoding=\"async\" width=\"842\" height=\"593\" data-id=\"144\" src=\"http:\/\/oxy-t.fr\/wp-content\/uploads\/2023\/01\/Master-Management-sante-QVT.png\" alt=\"\" class=\"wp-image-144\" srcset=\"https:\/\/oxy-t.fr\/wp-content\/uploads\/2023\/01\/Master-Management-sante-QVT.png 842w, https:\/\/oxy-t.fr\/wp-content\/uploads\/2023\/01\/Master-Management-sante-QVT-300x211.png 300w, https:\/\/oxy-t.fr\/wp-content\/uploads\/2023\/01\/Master-Management-sante-QVT-768x541.png 768w\" sizes=\"(max-width: 767px) 89vw, (max-width: 1000px) 54vw, (max-width: 1071px) 543px, 580px\" \/><\/figure>\n<\/figure>\n\n\n\n<figure class=\"wp-block-image size-full\"><img loading=\"lazy\" decoding=\"async\" width=\"834\" height=\"594\" src=\"http:\/\/oxy-t.fr\/wp-content\/uploads\/2023\/01\/DU-Ergonomie-et-sante-au-travail.png\" alt=\"\" class=\"wp-image-145\" srcset=\"https:\/\/oxy-t.fr\/wp-content\/uploads\/2023\/01\/DU-Ergonomie-et-sante-au-travail.png 834w, https:\/\/oxy-t.fr\/wp-content\/uploads\/2023\/01\/DU-Ergonomie-et-sante-au-travail-300x214.png 300w, https:\/\/oxy-t.fr\/wp-content\/uploads\/2023\/01\/DU-Ergonomie-et-sante-au-travail-768x547.png 768w\" sizes=\"(max-width: 767px) 89vw, (max-width: 1000px) 54vw, (max-width: 1071px) 543px, 580px\" \/><\/figure>\n","protected":false},"excerpt":{"rendered":"<p>\u00a0 Claudine CHARPENTIER Sant\u00e9 et Qualit\u00e9 de vie au travail\u00a0 \u00a0 Mon parcours &#8211;\u00a0\u00a0\u00a0\u00a0\u00a0\u00a0\u00a0\u00a0 de travail L\u2019accompagnement des \u00e9quipes fait partie de ma vie professionnelle depuis toujours\u00a0: l\u2019assistante est la premi\u00e8re confidente des \u00e9quipes, surtout si elle fait partie du CHSCT\u00a0! Assistante de direction pendant plusieurs ann\u00e9es, la n\u00e9cessit\u00e9 d\u2019accompagner v\u00e9ritablement et professionnellement les collaborateurs, &hellip; <\/p>\n<p class=\"link-more\"><a href=\"https:\/\/oxy-t.fr\/?page_id=20\" class=\"more-link\">Continuer la lecture<span class=\"screen-reader-text\"> de &laquo;&nbsp;Qui suis-je ?&nbsp;&raquo;<\/span><\/a><\/p>\n","protected":false},"author":1,"featured_media":0,"parent":0,"menu_order":0,"comment_status":"closed","ping_status":"closed","template":"","meta":{"footnotes":""},"_links":{"self":[{"href":"https:\/\/oxy-t.fr\/index.php?rest_route=\/wp\/v2\/pages\/20"}],"collection":[{"href":"https:\/\/oxy-t.fr\/index.php?rest_route=\/wp\/v2\/pages"}],"about":[{"href":"https:\/\/oxy-t.fr\/index.php?rest_route=\/wp\/v2\/types\/page"}],"author":[{"embeddable":true,"href":"https:\/\/oxy-t.fr\/index.php?rest_route=\/wp\/v2\/users\/1"}],"replies":[{"embeddable":true,"href":"https:\/\/oxy-t.fr\/index.php?rest_route=%2Fwp%2Fv2%2Fcomments&post=20"}],"version-history":[{"count":13,"href":"https:\/\/oxy-t.fr\/index.php?rest_route=\/wp\/v2\/pages\/20\/revisions"}],"predecessor-version":[{"id":168,"href":"https:\/\/oxy-t.fr\/index.php?rest_route=\/wp\/v2\/pages\/20\/revisions\/168"}],"wp:attachment":[{"href":"https:\/\/oxy-t.fr\/index.php?rest_route=%2Fwp%2Fv2%2Fmedia&parent=20"}],"curies":[{"name":"wp","href":"https:\/\/api.w.org\/{rel}","templated":true}]}}