{"id":25,"date":"2018-03-02T15:52:55","date_gmt":"2018-03-02T14:52:55","guid":{"rendered":"http:\/\/oxy-t.fr\/?page_id=25"},"modified":"2025-03-21T13:47:43","modified_gmt":"2025-03-21T12:47:43","slug":"contact","status":"publish","type":"page","link":"https:\/\/oxy-t.fr\/?page_id=25","title":{"rendered":"Contact &#038; consultations"},"content":{"rendered":"<p><span style=\"color: #000000; font-family: Calibri;\">N\u2019h\u00e9sitez pas \u00e0 me contacter soit par t\u00e9l\u00e9phone (tel ou sms, le mieux !), soit par mail, pour tout renseignement et devis.<\/span><\/p>\n<p><span style=\"color: #000000; font-family: Calibri;\">Je vous r\u00e9pondrai dans les meilleurs d\u00e9lais<\/span><\/p>\n<p align=\"center\"><span style=\"color: #000000; font-family: Calibri;\">Claudine Charpentier<\/span><\/p>\n<p align=\"center\"><span style=\"color: #000000; font-family: Calibri;\">06 63 63 36 10<\/span><\/p>\n<p align=\"center\">contact@oxy-t.fr<\/p>\n<p align=\"center\">\n<p align=\"center\">\n<p style=\"text-align: left;\" align=\"center\">Les consultations individuelles peuvent \u00eatre r\u00e9alis\u00e9es en cabinet \u00e0 Tours Nord ou \u00e0 domicile (conditions selon la distance)<\/p>\n<p style=\"text-align: left;\" align=\"center\">Un protocole sophrologique sera \u00e9tabli en fonction de votre probl\u00e9matique, sur 8 ou 10 s\u00e9ances (moyenne)<\/p>\n<p style=\"text-align: left;\" align=\"center\">Prix d&rsquo;une consultation : 40\u20ac<\/p>\n<p style=\"text-align: left;\" align=\"center\">Comptez 1h30 pour la 1\u00e8re consultation, puis 1 heure pour les suivantes<\/p>\n<p align=\"center\">\n<p style=\"text-align: left;\" align=\"center\">Pour les entreprises, devis sur mesure (environ 15,00\u20ac par personne) selon le nombre de participants<\/p>\n<p align=\"center\">\n<p align=\"center\">\n<p style=\"text-align: left;\" align=\"center\">\n<p align=\"center\">\n","protected":false},"excerpt":{"rendered":"<p>N\u2019h\u00e9sitez pas \u00e0 me contacter soit par t\u00e9l\u00e9phone (tel ou sms, le mieux !), soit par mail, pour tout renseignement et devis. Je vous r\u00e9pondrai dans les meilleurs d\u00e9lais Claudine Charpentier 06 63 63 36 10 contact@oxy-t.fr Les consultations individuelles peuvent \u00eatre r\u00e9alis\u00e9es en cabinet \u00e0 Tours Nord ou \u00e0 domicile (conditions selon la distance) &hellip; <\/p>\n<p class=\"link-more\"><a href=\"https:\/\/oxy-t.fr\/?page_id=25\" class=\"more-link\">Continuer la lecture<span class=\"screen-reader-text\"> de &laquo;&nbsp;Contact &#038; consultations&nbsp;&raquo;<\/span><\/a><\/p>\n","protected":false},"author":1,"featured_media":0,"parent":0,"menu_order":0,"comment_status":"closed","ping_status":"closed","template":"","meta":{"footnotes":""},"_links":{"self":[{"href":"https:\/\/oxy-t.fr\/index.php?rest_route=\/wp\/v2\/pages\/25"}],"collection":[{"href":"https:\/\/oxy-t.fr\/index.php?rest_route=\/wp\/v2\/pages"}],"about":[{"href":"https:\/\/oxy-t.fr\/index.php?rest_route=\/wp\/v2\/types\/page"}],"author":[{"embeddable":true,"href":"https:\/\/oxy-t.fr\/index.php?rest_route=\/wp\/v2\/users\/1"}],"replies":[{"embeddable":true,"href":"https:\/\/oxy-t.fr\/index.php?rest_route=%2Fwp%2Fv2%2Fcomments&post=25"}],"version-history":[{"count":11,"href":"https:\/\/oxy-t.fr\/index.php?rest_route=\/wp\/v2\/pages\/25\/revisions"}],"predecessor-version":[{"id":169,"href":"https:\/\/oxy-t.fr\/index.php?rest_route=\/wp\/v2\/pages\/25\/revisions\/169"}],"wp:attachment":[{"href":"https:\/\/oxy-t.fr\/index.php?rest_route=%2Fwp%2Fv2%2Fmedia&parent=25"}],"curies":[{"name":"wp","href":"https:\/\/api.w.org\/{rel}","templated":true}]}}