{"id":41,"date":"2018-03-16T13:14:38","date_gmt":"2018-03-16T12:14:38","guid":{"rendered":"http:\/\/oxy-t.fr\/?page_id=41"},"modified":"2018-03-16T13:33:19","modified_gmt":"2018-03-16T12:33:19","slug":"axe-de-sensibilisation","status":"publish","type":"page","link":"https:\/\/oxy-t.fr\/?page_id=41","title":{"rendered":"Axe de sensibilisation"},"content":{"rendered":"<p style=\"text-align: center;\"><u>Conf\u00e9rence sur diff\u00e9rents th\u00e8mes autour du bien-\u00eatre au travail, de la sant\u00e9 au travail, de la qualit\u00e9 de vie au travail, du stress, \u2026<\/u><\/p>\n<p>Un partage de connaissance peut \u00eatre propos\u00e9 \u00e0 vos collaborateurs, aux managers afin que chacun comprenne les m\u00e9canismes en jeu soit dans les relations (interindividuelles, intragroupes, \u2026) soit dans les changements organisationnels, \u2026<\/p>\n<p>Une sensibilisation, des conseils sont toujours un d\u00e9but d\u2019une d\u00e9marche d\u2019am\u00e9lioration et de pr\u00e9vention de sant\u00e9 au travail et des conditions de travail.<\/p>\n<p align=\"center\">Le bien-\u00eatre au travail<\/p>\n<p align=\"center\">La sant\u00e9 au travail<\/p>\n<p align=\"center\">La s\u00e9curit\u00e9 au travail<\/p>\n<p align=\"center\">La qualit\u00e9 de vie au travail<\/p>\n<p align=\"center\">Le changement organisationnel<\/p>\n<p align=\"center\">Le worhaholisme ou l\u2019exc\u00e8s de travail<\/p>\n<p align=\"center\">Le sommeil<\/p>\n<p align=\"center\">Le d\u00e9tachement psychologique<\/p>\n<p align=\"center\">La charge de travail<\/p>\n<p align=\"center\">Les troubles musculo-squelettiques<\/p>\n<p align=\"center\">La reconnaissance au travail<\/p>\n<p align=\"center\">La performance<\/p>\n<p align=\"center\">Les diff\u00e9rents types de management<\/p>\n<p align=\"center\">Les espaces d\u2019\u00e9changes<\/p>\n<p align=\"center\">Le feed-back<\/p>\n<p align=\"center\">La gestion de carri\u00e8re<\/p>\n<p>&nbsp;<\/p>\n<p><span style=\"margin: 0px; line-height: 115%; font-family: 'Calibri',sans-serif; font-size: 14pt;\">Liste non exhaustive.<\/span><\/p>\n","protected":false},"excerpt":{"rendered":"<p>Conf\u00e9rence sur diff\u00e9rents th\u00e8mes autour du bien-\u00eatre au travail, de la sant\u00e9 au travail, de la qualit\u00e9 de vie au travail, du stress, \u2026 Un partage de connaissance peut \u00eatre propos\u00e9 \u00e0 vos collaborateurs, aux managers afin que chacun comprenne les m\u00e9canismes en jeu soit dans les relations (interindividuelles, intragroupes, \u2026) soit dans les changements &hellip; <\/p>\n<p class=\"link-more\"><a href=\"https:\/\/oxy-t.fr\/?page_id=41\" class=\"more-link\">Continuer la lecture<span class=\"screen-reader-text\"> de &laquo;&nbsp;Axe de sensibilisation&nbsp;&raquo;<\/span><\/a><\/p>\n","protected":false},"author":1,"featured_media":0,"parent":0,"menu_order":0,"comment_status":"closed","ping_status":"closed","template":"","meta":{"footnotes":""},"_links":{"self":[{"href":"https:\/\/oxy-t.fr\/index.php?rest_route=\/wp\/v2\/pages\/41"}],"collection":[{"href":"https:\/\/oxy-t.fr\/index.php?rest_route=\/wp\/v2\/pages"}],"about":[{"href":"https:\/\/oxy-t.fr\/index.php?rest_route=\/wp\/v2\/types\/page"}],"author":[{"embeddable":true,"href":"https:\/\/oxy-t.fr\/index.php?rest_route=\/wp\/v2\/users\/1"}],"replies":[{"embeddable":true,"href":"https:\/\/oxy-t.fr\/index.php?rest_route=%2Fwp%2Fv2%2Fcomments&post=41"}],"version-history":[{"count":3,"href":"https:\/\/oxy-t.fr\/index.php?rest_route=\/wp\/v2\/pages\/41\/revisions"}],"predecessor-version":[{"id":64,"href":"https:\/\/oxy-t.fr\/index.php?rest_route=\/wp\/v2\/pages\/41\/revisions\/64"}],"wp:attachment":[{"href":"https:\/\/oxy-t.fr\/index.php?rest_route=%2Fwp%2Fv2%2Fmedia&parent=41"}],"curies":[{"name":"wp","href":"https:\/\/api.w.org\/{rel}","templated":true}]}}