{"id":42,"date":"2018-03-16T13:14:38","date_gmt":"2018-03-16T12:14:38","guid":{"rendered":"http:\/\/oxy-t.fr\/?page_id=42"},"modified":"2018-04-29T11:57:29","modified_gmt":"2018-04-29T09:57:29","slug":"axe-ergonomique","status":"publish","type":"page","link":"https:\/\/oxy-t.fr\/?page_id=42","title":{"rendered":"Axe ergonomique"},"content":{"rendered":"<p style=\"text-align: center;\"><u>Analyse du travail, aide \u00e0 la compr\u00e9hension des situations de travail, co-construction des solutions, plan d\u2019actions et suivi<\/u><\/p>\n<p>Les dysfonctionnements des situations de travail doivent \u00eatre analys\u00e9s pour comprendre la source de ces dysfonctionnements et y rem\u00e9dier de mani\u00e8re efficace et p\u00e9renne.<\/p>\n<p>Il n\u2019est pas toujours ais\u00e9 lorsque l\u2019on est au c\u0153ur de l\u2019organisation de voir et comprendre les m\u00e9canismes, les jeux, qui se d\u00e9roulent pourtant sous nos yeux. Un regard ext\u00e9rieur, une expertise du lien entre l\u2019homme et le travail est souvent d\u2019une grande aide. C\u2019est pourquoi je vous propose de vous aider \u00e0 cerner les difficult\u00e9s de la situation probl\u00e9matique, la gen\u00e8se de ces souffrances, pour bien les identifier et r\u00e9aliser un diagnostic certain, seule mani\u00e8re de trouver les solutions ad\u00e9quates et aux personnes et aux organisations.<\/p>\n<p>L\u2019accompagnement sur le terrain pr\u00e9vaut.<\/p>\n<p>&nbsp;<\/p>\n<p align=\"center\">Analyse des postes de travail<\/p>\n<p align=\"center\">Am\u00e9nagement des postes de travail<\/p>\n<p align=\"center\">Maintien dans l\u2019emploi<\/p>\n<p align=\"center\">S\u00e9curit\u00e9 au travail<\/p>\n<p align=\"center\">Bien-\u00eatre au travail<\/p>\n<p align=\"center\">Politique de qualit\u00e9 de vie au travail<\/p>\n<p align=\"center\">Sant\u00e9 au travail<\/p>\n<p align=\"center\">Document unique<\/p>\n<p align=\"center\">RPS<\/p>\n<p align=\"center\">TMS<\/p>\n<p align=\"center\">Management<\/p>\n<p align=\"center\">\u2026<\/p>\n<p>&nbsp;<\/p>\n","protected":false},"excerpt":{"rendered":"<p>Analyse du travail, aide \u00e0 la compr\u00e9hension des situations de travail, co-construction des solutions, plan d\u2019actions et suivi Les dysfonctionnements des situations de travail doivent \u00eatre analys\u00e9s pour comprendre la source de ces dysfonctionnements et y rem\u00e9dier de mani\u00e8re efficace et p\u00e9renne. Il n\u2019est pas toujours ais\u00e9 lorsque l\u2019on est au c\u0153ur de l\u2019organisation de &hellip; <\/p>\n<p class=\"link-more\"><a href=\"https:\/\/oxy-t.fr\/?page_id=42\" class=\"more-link\">Continuer la lecture<span class=\"screen-reader-text\"> de &laquo;&nbsp;Axe ergonomique&nbsp;&raquo;<\/span><\/a><\/p>\n","protected":false},"author":1,"featured_media":0,"parent":0,"menu_order":0,"comment_status":"closed","ping_status":"closed","template":"","meta":{"footnotes":""},"_links":{"self":[{"href":"https:\/\/oxy-t.fr\/index.php?rest_route=\/wp\/v2\/pages\/42"}],"collection":[{"href":"https:\/\/oxy-t.fr\/index.php?rest_route=\/wp\/v2\/pages"}],"about":[{"href":"https:\/\/oxy-t.fr\/index.php?rest_route=\/wp\/v2\/types\/page"}],"author":[{"embeddable":true,"href":"https:\/\/oxy-t.fr\/index.php?rest_route=\/wp\/v2\/users\/1"}],"replies":[{"embeddable":true,"href":"https:\/\/oxy-t.fr\/index.php?rest_route=%2Fwp%2Fv2%2Fcomments&post=42"}],"version-history":[{"count":6,"href":"https:\/\/oxy-t.fr\/index.php?rest_route=\/wp\/v2\/pages\/42\/revisions"}],"predecessor-version":[{"id":103,"href":"https:\/\/oxy-t.fr\/index.php?rest_route=\/wp\/v2\/pages\/42\/revisions\/103"}],"wp:attachment":[{"href":"https:\/\/oxy-t.fr\/index.php?rest_route=%2Fwp%2Fv2%2Fmedia&parent=42"}],"curies":[{"name":"wp","href":"https:\/\/api.w.org\/{rel}","templated":true}]}}