{"id":43,"date":"2018-03-16T13:14:39","date_gmt":"2018-03-16T12:14:39","guid":{"rendered":"http:\/\/oxy-t.fr\/?page_id=43"},"modified":"2018-04-29T12:00:48","modified_gmt":"2018-04-29T10:00:48","slug":"axe-sophrologique","status":"publish","type":"page","link":"https:\/\/oxy-t.fr\/?page_id=43","title":{"rendered":"Axe sophrologique"},"content":{"rendered":"<p style=\"text-align: center;\"><u>S\u00e9ance de sophrologie individuelle ou en groupe<\/u><\/p>\n<p>Parce que se poser, avoir un moment de retour sur soi est en g\u00e9n\u00e9ral une bonne mani\u00e8re de retrouver la s\u00e9r\u00e9nit\u00e9 n\u00e9cessaire \u00e0 une vie de travailleur sans trop de stress. La relaxation physique et mentale permet de prendre du recul par rapport aux \u00e9v\u00e9nements de nos vies, aussi bien au travail, que dans notre vie personnelle. Adopter les bons r\u00e9flexes, une bonne respiration, des bonnes images, \u2026 sont d\u2019autant de bonnes r\u00e9ponses \u00e0 une situation difficile.<\/p>\n<p style=\"text-align: center;\">Sant\u00e9 psychologique<\/p>\n<p style=\"text-align: center;\">D\u00e9tente<\/p>\n<p style=\"text-align: center;\">Bien-\u00eatre<\/p>\n<p style=\"text-align: center;\">Relaxation<\/p>\n<p style=\"text-align: center;\">Positivisme<\/p>\n<p style=\"text-align: center;\">D\u00e9tachement psychologique<\/p>\n<p style=\"text-align: center;\">\u2026<\/p>\n","protected":false},"excerpt":{"rendered":"<p>S\u00e9ance de sophrologie individuelle ou en groupe Parce que se poser, avoir un moment de retour sur soi est en g\u00e9n\u00e9ral une bonne mani\u00e8re de retrouver la s\u00e9r\u00e9nit\u00e9 n\u00e9cessaire \u00e0 une vie de travailleur sans trop de stress. La relaxation physique et mentale permet de prendre du recul par rapport aux \u00e9v\u00e9nements de nos vies, &hellip; <\/p>\n<p class=\"link-more\"><a href=\"https:\/\/oxy-t.fr\/?page_id=43\" class=\"more-link\">Continuer la lecture<span class=\"screen-reader-text\"> de &laquo;&nbsp;Axe sophrologique&nbsp;&raquo;<\/span><\/a><\/p>\n","protected":false},"author":1,"featured_media":0,"parent":0,"menu_order":0,"comment_status":"closed","ping_status":"closed","template":"","meta":{"footnotes":""},"_links":{"self":[{"href":"https:\/\/oxy-t.fr\/index.php?rest_route=\/wp\/v2\/pages\/43"}],"collection":[{"href":"https:\/\/oxy-t.fr\/index.php?rest_route=\/wp\/v2\/pages"}],"about":[{"href":"https:\/\/oxy-t.fr\/index.php?rest_route=\/wp\/v2\/types\/page"}],"author":[{"embeddable":true,"href":"https:\/\/oxy-t.fr\/index.php?rest_route=\/wp\/v2\/users\/1"}],"replies":[{"embeddable":true,"href":"https:\/\/oxy-t.fr\/index.php?rest_route=%2Fwp%2Fv2%2Fcomments&post=43"}],"version-history":[{"count":4,"href":"https:\/\/oxy-t.fr\/index.php?rest_route=\/wp\/v2\/pages\/43\/revisions"}],"predecessor-version":[{"id":105,"href":"https:\/\/oxy-t.fr\/index.php?rest_route=\/wp\/v2\/pages\/43\/revisions\/105"}],"wp:attachment":[{"href":"https:\/\/oxy-t.fr\/index.php?rest_route=%2Fwp%2Fv2%2Fmedia&parent=43"}],"curies":[{"name":"wp","href":"https:\/\/api.w.org\/{rel}","templated":true}]}}